{"id":1855,"date":"2018-01-19T15:37:52","date_gmt":"2018-01-19T15:37:52","guid":{"rendered":"https:\/\/www.tierramadre.org\/que-es-tierra-madre\/"},"modified":"2023-12-30T09:32:07","modified_gmt":"2023-12-30T07:32:07","slug":"que-es-tierra-madre","status":"publish","type":"page","link":"https:\/\/www.tierramadre.org\/ca\/que-es-tierra-madre\/","title":{"rendered":"\u00bfQu\u00e8 \u00e9s Tierra Madre?"},"content":{"rendered":"<div class=\"wpb-content-wrapper\"><p>[vc_row][vc_column][vc_row_inner css=&#8221;.vc_custom_1703921409806{padding-top: 500px !important;padding-right: 500px !important;padding-bottom: 50px !important;padding-left: 500px !important;background-image: url(https:\/\/www.tierramadre.org\/wp-content\/uploads\/IO_Alba_Modelo_-7_FINAL-min-scaled-e1703920658178.jpg?id=4466) !important;}&#8221; el_class=&#8221;imagen-madre-tierra&#8221;][vc_column_inner]<div class='gap nz-clearfix' style='height:400px'>&nbsp;<\/div>[\/vc_column_inner][\/vc_row_inner][\/vc_column][\/vc_row][vc_row][vc_column extra_class=&#8221;texto-madre-tierra&#8221; margin_b=&#8221;false&#8221; pl=&#8221;&#8221; pr=&#8221;&#8221; pt=&#8221;&#8221; pb=&#8221;&#8221; border_width=&#8221;2&#8243; border_color=&#8221;#da9d4d&#8221; offset=&#8221;vc_col-lg-offset-0&#8243;][vc_column_text]<\/p>\n<p style=\"text-align: justify;\">A Oxfam Interm\u00f3n estem treballant en comer\u00e7 just a Espanya des de 1995. Una activitat pionera en aquell moment, que era m\u00e9s que una tend\u00e8ncia o una moda.<\/p>\n<p style=\"text-align: justify;\">Tierra Madre ens recorda que tot all\u00f2 que mengem prov\u00e9 de la terra i fa valer la qualitat de les mat\u00e8ries primeres naturals amb qu\u00e8 s&#8217;elaboren els productes.<\/p>\n<p style=\"text-align: justify;\">Amb aquest nom retem homenatge a la natura i destaquem tamb\u00e9 la import\u00e0ncia de la mare terra per a les fam\u00edlies camperoles que, gr\u00e0cies a l&#8217;agricultura, han millorat les seves condicions de vida. La terra \u00e9s per a aquestes fam\u00edlies l&#8217;\u00fanica font d\u2019ingressos. Els fruits obtinguts de l&#8217;activitat agr\u00edcola els permeten sortir de la pobresa i contribuir al desenvolupament del seu entorn. Des d&#8217;Oxfam Interm\u00f3n te&#8217;ls portem directament a taula.<\/p>\n<p>[\/vc_column_text][vc_single_image image=&#8221;312&#8243; img_size=&#8221;full&#8221; alignment=&#8221;center&#8221; css=&#8221;.vc_custom_1518005355219{margin-bottom: 0px !important;}&#8221;][vc_column_text]<\/p>\n<p style=\"text-align: justify;\">Quan consumeixis productes Tierra Madre d&#8217;Oxfam Interm\u00f3n, estar\u00e0s contribuint a millorar la vida de moltes persones, petits productors, a l&#8217;Am\u00e8rica Llatina, \u00c0sia i \u00c0frica. Aquests productors s&#8217;agrupen en cooperatives o microempreses, treballen la terra per a obtenir\u00a0m\u00e9s ingressos i donen suport al desenvolupament de\u00a0la comunitat. Al mateix temps,\u00a0els\u00a0productes\u00a0que cultiven\u00a0de manera natural i tradicional garanteixen que, en consumir-los, puguis gaudir d&#8217;un producte de gran sabor i qualitat que t&#8217;arriba directament, sense intermediaris.<\/p>\n<p>[\/vc_column_text][\/vc_column][\/vc_row][vc_row][vc_column]<div class=\"nz-gallery nz-clearfix grid  animate-fade\" data-columns=\"3\" data-autoplay=\"false\" data-animate=\"true\"><div class=\"gallery-item element-animate\"><img decoding=\"async\" data-src=\"https:\/\/www.tierramadre.org\/wp-content\/uploads\/IO_Modelo_Cocina_02_Final-2-640x520.png\" width=\"640\" height=\"520\" src=\"data:image\/svg+xml;base64,PHN2ZyB3aWR0aD0iMSIgaGVpZ2h0PSIxIiB4bWxucz0iaHR0cDovL3d3dy53My5vcmcvMjAwMC9zdmciPjwvc3ZnPg==\" class=\"lazyload\" style=\"--smush-placeholder-width: 640px; --smush-placeholder-aspect-ratio: 640\/520;\" \/><\/div><div class=\"gallery-item element-animate\"><img decoding=\"async\" data-src=\"https:\/\/www.tierramadre.org\/wp-content\/uploads\/IO_Bodegon_Final_Final-min-640x520.jpg\" width=\"640\" height=\"520\" src=\"data:image\/svg+xml;base64,PHN2ZyB3aWR0aD0iMSIgaGVpZ2h0PSIxIiB4bWxucz0iaHR0cDovL3d3dy53My5vcmcvMjAwMC9zdmciPjwvc3ZnPg==\" class=\"lazyload\" style=\"--smush-placeholder-width: 640px; --smush-placeholder-aspect-ratio: 640\/520;\" \/><\/div><div class=\"gallery-item element-animate\"><img decoding=\"async\" data-src=\"https:\/\/www.tierramadre.org\/wp-content\/uploads\/bodegon-choco-min-640x520.png\" width=\"640\" height=\"520\" src=\"data:image\/svg+xml;base64,PHN2ZyB3aWR0aD0iMSIgaGVpZ2h0PSIxIiB4bWxucz0iaHR0cDovL3d3dy53My5vcmcvMjAwMC9zdmciPjwvc3ZnPg==\" class=\"lazyload\" style=\"--smush-placeholder-width: 640px; --smush-placeholder-aspect-ratio: 640\/520;\" \/><\/div><\/div>[\/vc_column][\/vc_row][vc_row background_color=&#8221;#4d3b2b&#8221; background_image=&#8221;139&#8243; padding_bottom=&#8221;0&#8243;][vc_column]<div class='gap nz-clearfix' style='height:25px'>&nbsp;<\/div>[vc_column_text]<\/p>\n<div class=\"about-tierra\">\n<p style=\"text-align: center;\">Els productes Tierra Madre estan presents en les botigues <a href=\"https:\/\/www.oxfamintermon.org\/\">Oxfam Interm\u00f3n<\/a>, a la nostra <a href=\"https:\/\/tienda.oxfamintermon.org\/\">botiga online<\/a> i a altres <a href=\"\/donde-comprar\">punts de venda<\/a>.<\/p>\n<\/div>\n<p>[\/vc_column_text]<div class='gap nz-clearfix' style='height:25px'>&nbsp;<\/div>[vc_column_text]<\/p>\n<div class=\"about-tierra\">\n<p style=\"text-align: center;\">Suma\u2019t al comer\u00e7 just i descobreix l\u2019equilibri perfecte entre\u00a0sabor, qualitat i sostenibilitat! Constru\u00efm un futur sense pobresa.<\/p>\n<\/div>\n<p>[\/vc_column_text][\/vc_column][\/vc_row][vc_row background_color=&#8221;#fcf9e9&#8243; padding_top=&#8221;40&#8243;][vc_column text_align=&#8221;center&#8221;][vc_single_image image=&#8221;230&#8243; img_size=&#8221;medium&#8221; alignment=&#8221;center&#8221;][vc_column_text el_class=&#8221;footer-tierra-madre&#8221;]<\/p>\n<p style=\"text-align: center;\">En Oxfam Interm\u00f3n creiem en un m\u00f3n on totes les persones poden gaudir dels seus drets i tenir oportunitats. Per aix\u00f2 treballem cada dia per reduir les desigualtats socials i econ\u00f2miques.<\/p>\n<p style=\"text-align: center;\">Perqu\u00e8 sabem que aquest futur \u00e9s possible i ens hi adrecem amb decisi\u00f3.<\/p>\n<h3 style=\"text-align: center;\">Ens acompanyes?<\/h3>\n<p>[\/vc_column_text][\/vc_column][\/vc_row]<\/p>\n<\/div>","protected":false},"excerpt":{"rendered":"<p>[vc_row][vc_column][vc_row_inner css=&#8221;.vc_custom_1703921409806{padding-top: 500px !important;padding-right: 500px !important;padding-bottom: 50px !important;padding-left: 500px !important;background-image: url(https:\/\/www.tierramadre.org\/wp-content\/uploads\/IO_Alba_Modelo_-7_FINAL-min-scaled-e1703920658178.jpg?id=4466) !important;}&#8221; el_class=&#8221;imagen-madre-tierra&#8221;][vc_column_inner][\/vc_column_inner][\/vc_row_inner][\/vc_column][\/vc_row][vc_row][vc_column extra_class=&#8221;texto-madre-tierra&#8221; margin_b=&#8221;false&#8221; pl=&#8221;&#8221; pr=&#8221;&#8221; pt=&#8221;&#8221; pb=&#8221;&#8221; border_width=&#8221;2&#8243; border_color=&#8221;#da9d4d&#8221; offset=&#8221;vc_col-lg-offset-0&#8243;][vc_column_text] A Oxfam Interm\u00f3n estem treballant en comer\u00e7 just a Espanya des de 1995. Una activitat pionera en aquell moment, que era m\u00e9s que una tend\u00e8ncia o una moda. Tierra Madre ens recorda que [&hellip;]<\/p>\n","protected":false},"author":2,"featured_media":0,"parent":0,"menu_order":0,"comment_status":"closed","ping_status":"closed","template":"page-vc.php","meta":{"footnotes":""},"class_list":["post-1855","page","type-page","status-publish","hentry"],"yoast_head":"<!-- This site is optimized with the Yoast SEO plugin v27.0 - https:\/\/yoast.com\/product\/yoast-seo-wordpress\/ -->\n<title>\u00bfQu\u00e8 \u00e9s Tierra Madre? - Tierra Madre<\/title>\n<meta name=\"robots\" content=\"index, follow, max-snippet:-1, max-image-preview:large, max-video-preview:-1\" \/>\n<link rel=\"canonical\" href=\"https:\/\/www.tierramadre.org\/ca\/que-es-tierra-madre\/\" \/>\n<meta property=\"og:locale\" content=\"ca_ES\" \/>\n<meta property=\"og:type\" content=\"article\" \/>\n<meta property=\"og:title\" content=\"\u00bfQu\u00e8 \u00e9s Tierra Madre? - Tierra Madre\" \/>\n<meta property=\"og:description\" content=\"[vc_row][vc_column][vc_row_inner css=&#8221;.vc_custom_1703921409806{padding-top: 500px !important;padding-right: 500px !important;padding-bottom: 50px !important;padding-left: 500px !important;background-image: url(https:\/\/www.tierramadre.org\/wp-content\/uploads\/IO_Alba_Modelo_-7_FINAL-min-scaled-e1703920658178.jpg?id=4466) !important;}&#8221; el_class=&#8221;imagen-madre-tierra&#8221;][vc_column_inner][\/vc_column_inner][\/vc_row_inner][\/vc_column][\/vc_row][vc_row][vc_column extra_class=&#8221;texto-madre-tierra&#8221; margin_b=&#8221;false&#8221; pl=&#8221;&#8221; pr=&#8221;&#8221; pt=&#8221;&#8221; pb=&#8221;&#8221; border_width=&#8221;2&#8243; border_color=&#8221;#da9d4d&#8221; offset=&#8221;vc_col-lg-offset-0&#8243;][vc_column_text] A Oxfam Interm\u00f3n estem treballant en comer\u00e7 just a Espanya des de 1995. Una activitat pionera en aquell moment, que era m\u00e9s que una tend\u00e8ncia o una moda. Tierra Madre ens recorda que [&hellip;]\" \/>\n<meta property=\"og:url\" content=\"https:\/\/www.tierramadre.org\/ca\/que-es-tierra-madre\/\" \/>\n<meta property=\"og:site_name\" content=\"Tierra Madre\" \/>\n<meta property=\"article:publisher\" content=\"https:\/\/www.facebook.com\/ComercioJustoOxfamIntermon\" \/>\n<meta property=\"article:modified_time\" content=\"2023-12-30T07:32:07+00:00\" \/>\n<meta name=\"twitter:card\" content=\"summary_large_image\" \/>\n<meta name=\"twitter:site\" content=\"@home\" \/>\n<meta name=\"twitter:label1\" content=\"Temps estimat de lectura\" \/>\n\t<meta name=\"twitter:data1\" content=\"2 minuts\" \/>\n<script type=\"application\/ld+json\" class=\"yoast-schema-graph\">{\"@context\":\"https:\/\/schema.org\",\"@graph\":[{\"@type\":\"WebPage\",\"@id\":\"https:\/\/www.tierramadre.org\/ca\/que-es-tierra-madre\/\",\"url\":\"https:\/\/www.tierramadre.org\/ca\/que-es-tierra-madre\/\",\"name\":\"\u00bfQu\u00e8 \u00e9s Tierra Madre? - Tierra Madre\",\"isPartOf\":{\"@id\":\"https:\/\/www.tierramadre.org\/#website\"},\"datePublished\":\"2018-01-19T15:37:52+00:00\",\"dateModified\":\"2023-12-30T07:32:07+00:00\",\"breadcrumb\":{\"@id\":\"https:\/\/www.tierramadre.org\/ca\/que-es-tierra-madre\/#breadcrumb\"},\"inLanguage\":\"ca\",\"potentialAction\":[{\"@type\":\"ReadAction\",\"target\":[\"https:\/\/www.tierramadre.org\/ca\/que-es-tierra-madre\/\"]}]},{\"@type\":\"BreadcrumbList\",\"@id\":\"https:\/\/www.tierramadre.org\/ca\/que-es-tierra-madre\/#breadcrumb\",\"itemListElement\":[{\"@type\":\"ListItem\",\"position\":1,\"name\":\"Portada\",\"item\":\"https:\/\/www.tierramadre.org\/ca\/\"},{\"@type\":\"ListItem\",\"position\":2,\"name\":\"\u00bfQu\u00e8 \u00e9s Tierra Madre?\"}]},{\"@type\":\"WebSite\",\"@id\":\"https:\/\/www.tierramadre.org\/#website\",\"url\":\"https:\/\/www.tierramadre.org\/\",\"name\":\"Tierra Madre\",\"description\":\"La Marca de alimentos naturales de Comercio Justo \u2013 Oxfam Interm\u00f3n\",\"publisher\":{\"@id\":\"https:\/\/www.tierramadre.org\/#organization\"},\"potentialAction\":[{\"@type\":\"SearchAction\",\"target\":{\"@type\":\"EntryPoint\",\"urlTemplate\":\"https:\/\/www.tierramadre.org\/?s={search_term_string}\"},\"query-input\":{\"@type\":\"PropertyValueSpecification\",\"valueRequired\":true,\"valueName\":\"search_term_string\"}}],\"inLanguage\":\"ca\"},{\"@type\":\"Organization\",\"@id\":\"https:\/\/www.tierramadre.org\/#organization\",\"name\":\"Fundaci\u00f3n Oxfam Interm\u00f3n\",\"url\":\"https:\/\/www.tierramadre.org\/\",\"logo\":{\"@type\":\"ImageObject\",\"inLanguage\":\"ca\",\"@id\":\"https:\/\/www.tierramadre.org\/#\/schema\/logo\/image\/\",\"url\":\"https:\/\/www.tierramadre.org\/wp-content\/uploads\/OX_INM_VL_C_RGB.png\",\"contentUrl\":\"https:\/\/www.tierramadre.org\/wp-content\/uploads\/OX_INM_VL_C_RGB.png\",\"width\":2005,\"height\":2304,\"caption\":\"Fundaci\u00f3n Oxfam Interm\u00f3n\"},\"image\":{\"@id\":\"https:\/\/www.tierramadre.org\/#\/schema\/logo\/image\/\"},\"sameAs\":[\"https:\/\/www.facebook.com\/ComercioJustoOxfamIntermon\",\"https:\/\/x.com\/home\",\"https:\/\/www.instagram.com\/comerciojustooxfamintermon\/\",\"https:\/\/www.youtube.com\/channel\/UCP978TjDBqCA14lSWeX1XHA\"]}]}<\/script>\n<!-- \/ Yoast SEO plugin. -->","yoast_head_json":{"title":"\u00bfQu\u00e8 \u00e9s Tierra Madre? - Tierra Madre","robots":{"index":"index","follow":"follow","max-snippet":"max-snippet:-1","max-image-preview":"max-image-preview:large","max-video-preview":"max-video-preview:-1"},"canonical":"https:\/\/www.tierramadre.org\/ca\/que-es-tierra-madre\/","og_locale":"ca_ES","og_type":"article","og_title":"\u00bfQu\u00e8 \u00e9s Tierra Madre? - Tierra Madre","og_description":"[vc_row][vc_column][vc_row_inner css=&#8221;.vc_custom_1703921409806{padding-top: 500px !important;padding-right: 500px !important;padding-bottom: 50px !important;padding-left: 500px !important;background-image: url(https:\/\/www.tierramadre.org\/wp-content\/uploads\/IO_Alba_Modelo_-7_FINAL-min-scaled-e1703920658178.jpg?id=4466) !important;}&#8221; el_class=&#8221;imagen-madre-tierra&#8221;][vc_column_inner][\/vc_column_inner][\/vc_row_inner][\/vc_column][\/vc_row][vc_row][vc_column extra_class=&#8221;texto-madre-tierra&#8221; margin_b=&#8221;false&#8221; pl=&#8221;&#8221; pr=&#8221;&#8221; pt=&#8221;&#8221; pb=&#8221;&#8221; border_width=&#8221;2&#8243; border_color=&#8221;#da9d4d&#8221; offset=&#8221;vc_col-lg-offset-0&#8243;][vc_column_text] A Oxfam Interm\u00f3n estem treballant en comer\u00e7 just a Espanya des de 1995. Una activitat pionera en aquell moment, que era m\u00e9s que una tend\u00e8ncia o una moda. Tierra Madre ens recorda que [&hellip;]","og_url":"https:\/\/www.tierramadre.org\/ca\/que-es-tierra-madre\/","og_site_name":"Tierra Madre","article_publisher":"https:\/\/www.facebook.com\/ComercioJustoOxfamIntermon","article_modified_time":"2023-12-30T07:32:07+00:00","twitter_card":"summary_large_image","twitter_site":"@home","twitter_misc":{"Temps estimat de lectura":"2 minuts"},"schema":{"@context":"https:\/\/schema.org","@graph":[{"@type":"WebPage","@id":"https:\/\/www.tierramadre.org\/ca\/que-es-tierra-madre\/","url":"https:\/\/www.tierramadre.org\/ca\/que-es-tierra-madre\/","name":"\u00bfQu\u00e8 \u00e9s Tierra Madre? - Tierra Madre","isPartOf":{"@id":"https:\/\/www.tierramadre.org\/#website"},"datePublished":"2018-01-19T15:37:52+00:00","dateModified":"2023-12-30T07:32:07+00:00","breadcrumb":{"@id":"https:\/\/www.tierramadre.org\/ca\/que-es-tierra-madre\/#breadcrumb"},"inLanguage":"ca","potentialAction":[{"@type":"ReadAction","target":["https:\/\/www.tierramadre.org\/ca\/que-es-tierra-madre\/"]}]},{"@type":"BreadcrumbList","@id":"https:\/\/www.tierramadre.org\/ca\/que-es-tierra-madre\/#breadcrumb","itemListElement":[{"@type":"ListItem","position":1,"name":"Portada","item":"https:\/\/www.tierramadre.org\/ca\/"},{"@type":"ListItem","position":2,"name":"\u00bfQu\u00e8 \u00e9s Tierra Madre?"}]},{"@type":"WebSite","@id":"https:\/\/www.tierramadre.org\/#website","url":"https:\/\/www.tierramadre.org\/","name":"Tierra Madre","description":"La Marca de alimentos naturales de Comercio Justo \u2013 Oxfam Interm\u00f3n","publisher":{"@id":"https:\/\/www.tierramadre.org\/#organization"},"potentialAction":[{"@type":"SearchAction","target":{"@type":"EntryPoint","urlTemplate":"https:\/\/www.tierramadre.org\/?s={search_term_string}"},"query-input":{"@type":"PropertyValueSpecification","valueRequired":true,"valueName":"search_term_string"}}],"inLanguage":"ca"},{"@type":"Organization","@id":"https:\/\/www.tierramadre.org\/#organization","name":"Fundaci\u00f3n Oxfam Interm\u00f3n","url":"https:\/\/www.tierramadre.org\/","logo":{"@type":"ImageObject","inLanguage":"ca","@id":"https:\/\/www.tierramadre.org\/#\/schema\/logo\/image\/","url":"https:\/\/www.tierramadre.org\/wp-content\/uploads\/OX_INM_VL_C_RGB.png","contentUrl":"https:\/\/www.tierramadre.org\/wp-content\/uploads\/OX_INM_VL_C_RGB.png","width":2005,"height":2304,"caption":"Fundaci\u00f3n Oxfam Interm\u00f3n"},"image":{"@id":"https:\/\/www.tierramadre.org\/#\/schema\/logo\/image\/"},"sameAs":["https:\/\/www.facebook.com\/ComercioJustoOxfamIntermon","https:\/\/x.com\/home","https:\/\/www.instagram.com\/comerciojustooxfamintermon\/","https:\/\/www.youtube.com\/channel\/UCP978TjDBqCA14lSWeX1XHA"]}]}},"_links":{"self":[{"href":"https:\/\/www.tierramadre.org\/ca\/wp-json\/wp\/v2\/pages\/1855","targetHints":{"allow":["GET"]}}],"collection":[{"href":"https:\/\/www.tierramadre.org\/ca\/wp-json\/wp\/v2\/pages"}],"about":[{"href":"https:\/\/www.tierramadre.org\/ca\/wp-json\/wp\/v2\/types\/page"}],"author":[{"embeddable":true,"href":"https:\/\/www.tierramadre.org\/ca\/wp-json\/wp\/v2\/users\/2"}],"replies":[{"embeddable":true,"href":"https:\/\/www.tierramadre.org\/ca\/wp-json\/wp\/v2\/comments?post=1855"}],"version-history":[{"count":12,"href":"https:\/\/www.tierramadre.org\/ca\/wp-json\/wp\/v2\/pages\/1855\/revisions"}],"predecessor-version":[{"id":4488,"href":"https:\/\/www.tierramadre.org\/ca\/wp-json\/wp\/v2\/pages\/1855\/revisions\/4488"}],"wp:attachment":[{"href":"https:\/\/www.tierramadre.org\/ca\/wp-json\/wp\/v2\/media?parent=1855"}],"curies":[{"name":"wp","href":"https:\/\/api.w.org\/{rel}","templated":true}]}}